{"id":766,"date":"2026-05-02T15:11:46","date_gmt":"2026-05-02T13:11:46","guid":{"rendered":"https:\/\/nordeco-interiors.fr\/?page_id=766"},"modified":"2026-05-02T15:11:46","modified_gmt":"2026-05-02T13:11:46","slug":"mentions-legales","status":"publish","type":"page","link":"https:\/\/nordeco-interiors.fr\/fi\/mentions-legales\/","title":{"rendered":"Mentions l\u00e9gales"},"content":{"rendered":"<h2 class=\"wp-block-heading\">Mentions l\u00e9gales<\/h2>\n\n\n\n<p class=\"wp-block-paragraph\">Derni\u00e8re mise \u00e0 jour : 02\/05\/2026<\/p>\n\n\n\n<h3 class=\"wp-block-heading\">\u00c9diteur du site<\/h3>\n\n\n\n<p class=\"wp-block-paragraph\">Nord\u00e9co Interiors Finist\u00e8re Nord, France Contact : <a href=\"https:\/\/nordeco-interiors.fr\/fi\/contact\/\">formulaire de contact<\/a><\/p>\n\n\n\n<p class=\"wp-block-paragraph\">Ce site est \u00e9dit\u00e9 \u00e0 titre personnel. Nord\u00e9co Interiors est une activit\u00e9 en cours de cr\u00e9ation. Les pr\u00e9sentes mentions l\u00e9gales seront mises \u00e0 jour lors de l&rsquo;immatriculation de l&rsquo;entreprise.<\/p>\n\n\n\n<hr class=\"wp-block-separator has-alpha-channel-opacity\"\/>\n\n\n\n<h3 class=\"wp-block-heading\">H\u00e9bergement<\/h3>\n\n\n\n<p class=\"wp-block-paragraph\">Ce site est h\u00e9berg\u00e9 par :<\/p>\n\n\n\n<p class=\"wp-block-paragraph\">WordPress.com Automattic Inc. 60 29th Street #343 San Francisco, CA 94110 \u00c9tats-Unis <a href=\"https:\/\/wordpress.com\">wordpress.com<\/a><\/p>\n\n\n\n<hr class=\"wp-block-separator has-alpha-channel-opacity\"\/>\n\n\n\n<h3 class=\"wp-block-heading\">Propri\u00e9t\u00e9 intellectuelle<\/h3>\n\n\n\n<p class=\"wp-block-paragraph\">L&rsquo;ensemble du contenu de ce site (textes, images, photographies, illustrations) est la propri\u00e9t\u00e9 exclusive de Nord\u00e9co Interiors, sauf mention contraire.<\/p>\n\n\n\n<p class=\"wp-block-paragraph\">Toute reproduction, distribution ou utilisation sans autorisation pr\u00e9alable est interdite.<\/p>\n\n\n\n<p class=\"wp-block-paragraph\">Les photographies utilis\u00e9es sur ce site proviennent de sources diverses, notamment Unsplash, ainsi que des photographies personnelles. Les photographies issues de sources tierces sont utilis\u00e9es conform\u00e9ment \u00e0 leurs licences respectives et cr\u00e9dit\u00e9es dans chaque article.<\/p>\n\n\n\n<hr class=\"wp-block-separator has-alpha-channel-opacity\"\/>\n\n\n\n<h3 class=\"wp-block-heading\">Donn\u00e9es personnelles et cookies<\/h3>\n\n\n\n<p class=\"wp-block-paragraph\">Le traitement des donn\u00e9es personnelles est d\u00e9taill\u00e9 dans notre <a href=\"https:\/\/nordeco-interiors.fr\/fi\/privacy-policy\/\" data-type=\"page\" data-id=\"47\">Politique de confidentialit\u00e9<\/a>.<\/p>\n\n\n\n<p class=\"wp-block-paragraph\">L&rsquo;utilisation des cookies est d\u00e9crite dans notre <a href=\"https:\/\/nordeco-interiors.fr\/fi\/politique-de-cookies\/\" data-type=\"page\" data-id=\"731\">Politique de cookies<\/a>.<\/p>\n\n\n\n<hr class=\"wp-block-separator has-alpha-channel-opacity\"\/>\n\n\n\n<h3 class=\"wp-block-heading\">Responsabilit\u00e9<\/h3>\n\n\n\n<p class=\"wp-block-paragraph\">Nord\u00e9co Interiors s&rsquo;efforce de maintenir les informations publi\u00e9es sur ce site \u00e0 jour et exactes. Nord\u00e9co Interiors ne peut \u00eatre tenu responsable des erreurs ou omissions, ni des dommages r\u00e9sultant de l&rsquo;utilisation des informations publi\u00e9es.<\/p>","protected":false},"excerpt":{"rendered":"<p>Mentions l\u00e9gales Derni\u00e8re mise \u00e0 jour : 02\/05\/2026 \u00c9diteur du site Nord\u00e9co Interiors Finist\u00e8re Nord, France Contact : formulaire de contact Ce site est \u00e9dit\u00e9 \u00e0 titre personnel. Nord\u00e9co Interiors est une activit\u00e9 en cours de cr\u00e9ation. Les pr\u00e9sentes mentions l\u00e9gales seront mises \u00e0 jour lors de l&rsquo;immatriculation de l&rsquo;entreprise. H\u00e9bergement Ce site est h\u00e9berg\u00e9 [&hellip;]<\/p>\n","protected":false},"author":270805729,"featured_media":0,"parent":0,"menu_order":0,"comment_status":"closed","ping_status":"closed","template":"","meta":{"_crdt_document":"","advanced_seo_description":"","jetpack_seo_html_title":"","jetpack_seo_noindex":false,"footnotes":""},"class_list":["post-766","page","type-page","status-publish","hentry"],"jetpack_likes_enabled":true,"jetpack_sharing_enabled":true,"jetpack_shortlink":"https:\/\/wp.me\/Ph9a0z-cm","jetpack-related-posts":[{"id":421,"url":"https:\/\/nordeco-interiors.fr\/fi\/conditions-generales-de-vente\/","url_meta":{"origin":766,"position":0},"title":"Conditions g\u00e9n\u00e9rales de vente","author":"","date":"02\/05\/2026","format":false,"excerpt":"Conditions g\u00e9n\u00e9rales de vente Derni\u00e8re mise \u00e0 jour : 02\/05\/2026 Les pr\u00e9sentes conditions g\u00e9n\u00e9rales r\u00e9gissent l'utilisation du site nordeco-interiors.fr et la commande de services de design d'int\u00e9rieur, d'am\u00e9nagement et d'organisation de l'espace propos\u00e9s par Nord\u00e9co Interiors. Pour toute question relative aux pr\u00e9sentes conditions, veuillez utiliser le formulaire de contact. Champ\u2026","rel":"","context":"Samankaltainen artikkeli","block_context":{"text":"Samankaltainen artikkeli","link":""},"img":{"alt_text":"","src":"","width":0,"height":0},"classes":[]},{"id":47,"url":"https:\/\/nordeco-interiors.fr\/fi\/privacy-policy\/","url_meta":{"origin":766,"position":1},"title":"Politique de confidentialit\u00e9","author":"Tiina","date":"15\/03\/2026","format":false,"excerpt":"Politique de confidentialit\u00e9 et traitement des donn\u00e9es Derni\u00e8re mise \u00e0 jour : 02\/05\/2026 La protection de votre vie priv\u00e9e est primordiale pour Nord\u00e9co Interiors. Nous veillons \u00e0 la protection de vos donn\u00e9es personnelles lorsque vous visitez notre site nordeco-interiors.fr ou commandez nos services de design d'int\u00e9rieur, d'am\u00e9nagement et d'organisation de\u2026","rel":"","context":"Samankaltainen artikkeli","block_context":{"text":"Samankaltainen artikkeli","link":""},"img":{"alt_text":"","src":"","width":0,"height":0},"classes":[]},{"id":731,"url":"https:\/\/nordeco-interiors.fr\/fi\/politique-de-cookies\/","url_meta":{"origin":766,"position":2},"title":"Politique de cookies","author":"Tiina","date":"02\/05\/2026","format":false,"excerpt":"Politique de cookies Derni\u00e8re mise \u00e0 jour : 02\/05\/2026 Lorsque vous visitez notre site nordeco-interiors.fr, nous utilisons des cookies et technologies similaires pour vous offrir une exp\u00e9rience optimale et analyser l'utilisation du site. Que sont les cookies ? Les cookies sont de petits fichiers texte plac\u00e9s dans la m\u00e9moire de\u2026","rel":"","context":"Samankaltainen artikkeli","block_context":{"text":"Samankaltainen artikkeli","link":""},"img":{"alt_text":"","src":"","width":0,"height":0},"classes":[]},{"id":167,"url":"https:\/\/nordeco-interiors.fr\/fi\/liens\/","url_meta":{"origin":766,"position":3},"title":"Liens \/ Linkit","author":"Tiina","date":"19\/03\/2026","format":false,"excerpt":"\ud83c\uddeb\ud83c\uddf7 Dernier article \/ \ud83c\uddeb\ud83c\uddee Uusin artikkeli : Optimiser son entr\u00e9e pour tous \ud83c\udf10 Site web \/ Nettisivut nordeco-interiors.fr \ud83c\udf81 Carte cadeau Offrez un cadeau \ud83d\udce9 Contact \/ Ota yhteytt\u00e4. Contactez-nous","rel":"","context":"Samankaltainen artikkeli","block_context":{"text":"Samankaltainen artikkeli","link":""},"img":{"alt_text":"","src":"","width":0,"height":0},"classes":[]},{"id":23,"url":"https:\/\/nordeco-interiors.fr\/fi\/contact\/","url_meta":{"origin":766,"position":4},"title":"Ota yhteytt\u00e4","author":"Tiina","date":"15\/03\/2026","format":false,"excerpt":"Une question, un projet ou simplement envie d'\u00e9changer ? Contactez-moi directement en fran\u00e7ais \u2022 in English \u2022 suomeksi \u2014 je vous r\u00e9pondrai dans les plus brefs d\u00e9lais. Vous pouvez \u00e9galement nous retrouver sur : Zone d\u2019intervention : Finist\u00e8re Nord, Bretagne (France).Pour toute autre zone, intervention possible sur demande.","rel":"","context":"Samankaltainen artikkeli","block_context":{"text":"Samankaltainen artikkeli","link":""},"img":{"alt_text":"","src":"","width":0,"height":0},"classes":[]},{"id":418,"url":"https:\/\/nordeco-interiors.fr\/fi\/panier\/","url_meta":{"origin":766,"position":5},"title":"Panier","author":"","date":"17\/04\/2026","format":false,"excerpt":"Vous serez peut-\u00eatre int\u00e9ress\u00e9 par\u2026 Votre panier est actuellement vide\u00a0! Nouveau dans la boutique","rel":"","context":"Samankaltainen artikkeli","block_context":{"text":"Samankaltainen artikkeli","link":""},"img":{"alt_text":"","src":"","width":0,"height":0},"classes":[]}],"_links":{"self":[{"href":"https:\/\/nordeco-interiors.fr\/fi\/wp-json\/wp\/v2\/pages\/766","targetHints":{"allow":["GET"]}}],"collection":[{"href":"https:\/\/nordeco-interiors.fr\/fi\/wp-json\/wp\/v2\/pages"}],"about":[{"href":"https:\/\/nordeco-interiors.fr\/fi\/wp-json\/wp\/v2\/types\/page"}],"author":[{"embeddable":true,"href":"https:\/\/nordeco-interiors.fr\/fi\/wp-json\/wp\/v2\/users\/270805729"}],"replies":[{"embeddable":true,"href":"https:\/\/nordeco-interiors.fr\/fi\/wp-json\/wp\/v2\/comments?post=766"}],"version-history":[{"count":2,"href":"https:\/\/nordeco-interiors.fr\/fi\/wp-json\/wp\/v2\/pages\/766\/revisions"}],"predecessor-version":[{"id":768,"href":"https:\/\/nordeco-interiors.fr\/fi\/wp-json\/wp\/v2\/pages\/766\/revisions\/768"}],"wp:attachment":[{"href":"https:\/\/nordeco-interiors.fr\/fi\/wp-json\/wp\/v2\/media?parent=766"}],"curies":[{"name":"wp","href":"https:\/\/api.w.org\/{rel}","templated":true}]}}