{"id":422,"date":"2026-04-17T18:38:09","date_gmt":"2026-04-17T16:38:09","guid":{"rendered":"https:\/\/nordeco-interiors.fr\/?post_type=product&#038;p=422"},"modified":"2026-04-21T08:44:06","modified_gmt":"2026-04-21T06:44:06","slug":"mieux-chez-soi-conseils-pour-un-quotidien-facilite","status":"publish","type":"product","link":"https:\/\/nordeco-interiors.fr\/fi\/product\/mieux-chez-soi-conseils-pour-un-quotidien-facilite\/","title":{"rendered":"Mieux chez soi \u2013 conseils pour un quotidien facilit\u00e9"},"content":{"rendered":"<p>Vous souhaitez transformer votre int\u00e9rieur mais vous ne savez pas par o\u00f9 commencer ?<\/p>\n<p>Je me d\u00e9place chez vous, en Finist\u00e8re, pour une consultation personnalis\u00e9e. Ensemble, nous analysons vos espaces, vos besoins et vos envies \u2014 r\u00e9am\u00e9nagement d&rsquo;une pi\u00e8ce, choix de mat\u00e9riaux naturels, ou adaptation du logement pour plus de confort et d&rsquo;accessibilit\u00e9.<\/p>\n<p>Vous repartez avec un plan concret, adapt\u00e9 \u00e0 votre quotidien et \u00e0 votre budget.<\/p>\n<p>&#8212;<\/p>\n<p>\u2705 CE QUI EST INCLUS<\/p>\n<p>&#8211; Diagnostic complet sur place<br \/>\n&#8211; Rapport \u00e9crit d\u00e9taill\u00e9 avec plan 2D<br \/>\n&#8211; Conseils circulation, \u00e9clairage et am\u00e9nagement<br \/>\n&#8211; Solutions pratiques, s\u00fbres et esth\u00e9tiques<\/p>\n<p>&#8212;<\/p>\n<p>\ud83d\udcb6 TARIFS<\/p>\n<p>Visite conseil \u00e0 domicile \u2013 Finist\u00e8re Nord<br \/>\n\u00c0 partir de 240 \u20ac \/ 90 min (jusqu&rsquo;\u00e0 80 m\u00b2)<br \/>\nD\u00e9placement : 0,50 \u20ac\/km<br \/>\nHeures suppl\u00e9mentaires : 65 \u20ac\/h<\/p>\n<p>Options \u00e0 la carte :<br \/>\n&#8211; Simulation 3D \u2014 120 \u20ac<br \/>\n&#8211; Shopping list personnalis\u00e9e \u2014 60 \u20ac<br \/>\n&#8211; \u00c9tude d&rsquo;\u00e9clairage \u2014 70 \u20ac<\/p>\n<p>&#8212;<\/p>\n<p>\ud83d\udc64 POUR QUI ?<\/p>\n<p>Seniors, personnes \u00e0 mobilit\u00e9 r\u00e9duite, aidants familiaux \u2014 et toute personne souhaitant allier confort, s\u00e9curit\u00e9 et design dans son int\u00e9rieur.<\/p>\n<p>&#8212;<\/p>\n<p>\ud83d\udcc5 R\u00c9SERVATION<\/p>\n<p>Choisissez directement votre cr\u00e9neau en ligne :<br \/>\n<iframe src=\"https:\/\/nordeco-interiors.fr\/fi\/wp-json\/ssa\/v1\/embed-inner?integration&type=visite-conseil-a-domicile&label&types=1&edit&view&payment_provider&ssa_locale=fi&ssa_is_rtl&sid=7cc93db3d939d95599cc88629695ce8d8b017445&availability_start_date&availability_end_date&suggest_first_available&suggest_first_available_within_minutes&flow&fallback_flow&time_view&date_view&appointment_types_view&version&accent_color&background&padding&font&booking_url=https%3A%2F%2Fnordeco-interiors.fr%2Ffi%2Fproduct%2Fmieux-chez-soi-conseils-pour-un-quotidien-facilite%2F&booking_post_id=422&booking_title=Mieux+chez+soi+%E2%80%93+conseils+pour+un+quotidien+facilit%C3%A9&_wpnonce=74ca363032&redirect_post_id&defer&mepr_membership_id#\/\" height=\"400px\" width=\"100%\" name=\"ssa_booking\" loading=\"eager\" frameborder=\"0\" data-skip-lazy=\"1\" class=\"ssa_booking_iframe skip-lazy\" title=\"Book a time\"><\/iframe><\/p>\n<p>\ud83d\udcde Je parle : Fran\u00e7ais \u2022 English \u2022 Suomi<\/p>","protected":false},"excerpt":{"rendered":"<p>Nordeco Interiors \u2013 sp\u00e9cialiste de la d\u00e9coration scandinave \u00e0 Finist\u00e8re. Consultation personnalis\u00e9e \u00e0 domicile : diagnostic, plan 2D et conseils sur mesure \u2014 pour un int\u00e9rieur confortable, accessible et esth\u00e9tique. R\u00e9servez votre cr\u00e9neau directement en ligne.<\/p>","protected":false},"featured_media":520,"comment_status":"open","ping_status":"closed","template":"","meta":{"_crdt_document":"","jetpack_publicize_message":"","jetpack_publicize_feature_enabled":true,"jetpack_social_post_already_shared":true,"jetpack_social_options":{"image_generator_settings":{"template":"highway","default_image_id":0,"font":"","enabled":false},"version":2}},"product_brand":[],"product_cat":[1426],"product_tag":[1428,1427],"class_list":{"0":"post-422","1":"product","2":"type-product","3":"status-publish","4":"has-post-thumbnail","6":"product_cat-boutique","7":"product_tag-accessible","8":"product_tag-conseils-damenagement","10":"first","11":"instock","12":"virtual","13":"purchasable","14":"product-type-simple"},"jetpack_publicize_connections":[],"jetpack_likes_enabled":true,"jetpack_sharing_enabled":true,"jetpack-related-posts":[{"id":433,"url":"https:\/\/nordeco-interiors.fr\/fi\/product\/home-staging\/","url_meta":{"origin":422,"position":0},"title":"Home staging \u2013 Valorisez votre bien immobilier","author":"Tiina","date":"20\/04\/2026","format":false,"excerpt":"Nordeco Interiors \u2013 sp\u00e9cialiste de la d\u00e9coration scandinave en Finist\u00e8re. Mise en valeur de votre bien immobilier sans travaux : un int\u00e9rieur neutre, chaleureux et accessible pour s\u00e9duire les acheteurs. R\u00e9servez votre cr\u00e9neau directement en ligne.","rel":"","context":"Samankaltainen artikkeli","block_context":{"text":"Samankaltainen artikkeli","link":""},"img":{"alt_text":"entr\u00e9e lumineuse d\u2019une maison avec parquet clair et mobilier en bois naturel","src":"https:\/\/i0.wp.com\/nordeco-interiors.fr\/wp-content\/uploads\/2026\/04\/comment-preparer-une-maison-a-la-vente.webp?fit=1200%2C1200&ssl=1&resize=350%2C200","width":350,"height":200,"srcset":"https:\/\/i0.wp.com\/nordeco-interiors.fr\/wp-content\/uploads\/2026\/04\/comment-preparer-une-maison-a-la-vente.webp?fit=1200%2C1200&ssl=1&resize=350%2C200 1x, https:\/\/i0.wp.com\/nordeco-interiors.fr\/wp-content\/uploads\/2026\/04\/comment-preparer-une-maison-a-la-vente.webp?fit=1200%2C1200&ssl=1&resize=525%2C300 1.5x, https:\/\/i0.wp.com\/nordeco-interiors.fr\/wp-content\/uploads\/2026\/04\/comment-preparer-une-maison-a-la-vente.webp?fit=1200%2C1200&ssl=1&resize=700%2C400 2x, https:\/\/i0.wp.com\/nordeco-interiors.fr\/wp-content\/uploads\/2026\/04\/comment-preparer-une-maison-a-la-vente.webp?fit=1200%2C1200&ssl=1&resize=1050%2C600 3x"},"classes":[]},{"id":432,"url":"https:\/\/nordeco-interiors.fr\/fi\/product\/coaching-rangement-optimisation-despace\/","url_meta":{"origin":422,"position":1},"title":"Coaching rangement &#038; optimisation d&rsquo;espace","author":"Tiina","date":"20\/04\/2026","format":false,"excerpt":"Nordeco Interiors \u2013 sp\u00e9cialiste de la d\u00e9coration scandinave en Finist\u00e8re. Coaching personnalis\u00e9 \u00e0 domicile pour d\u00e9sencombrer, optimiser et retrouver un int\u00e9rieur clair, pratique et agr\u00e9able. R\u00e9servez votre cr\u00e9neau directement en ligne.","rel":"","context":"Samankaltainen artikkeli","block_context":{"text":"Samankaltainen artikkeli","link":""},"img":{"alt_text":"espace organis\u00e9 avec bo\u00eetes et paniers de rangement, deux personnes discutant","src":"https:\/\/i0.wp.com\/nordeco-interiors.fr\/wp-content\/uploads\/2026\/04\/Seance-de-coaching-rangement-nordeco-interiors.webp?fit=1024%2C1024&ssl=1&resize=350%2C200","width":350,"height":200,"srcset":"https:\/\/i0.wp.com\/nordeco-interiors.fr\/wp-content\/uploads\/2026\/04\/Seance-de-coaching-rangement-nordeco-interiors.webp?fit=1024%2C1024&ssl=1&resize=350%2C200 1x, https:\/\/i0.wp.com\/nordeco-interiors.fr\/wp-content\/uploads\/2026\/04\/Seance-de-coaching-rangement-nordeco-interiors.webp?fit=1024%2C1024&ssl=1&resize=525%2C300 1.5x, https:\/\/i0.wp.com\/nordeco-interiors.fr\/wp-content\/uploads\/2026\/04\/Seance-de-coaching-rangement-nordeco-interiors.webp?fit=1024%2C1024&ssl=1&resize=700%2C400 2x"},"classes":[]},{"id":434,"url":"https:\/\/nordeco-interiors.fr\/fi\/product\/carte-cadeau\/","url_meta":{"origin":422,"position":2},"title":"Offrez un cadeau qui fait la diff\u00e9rence \u2013 Carte cadeau D\u00e9co","author":"Tiina","date":"18\/04\/2026","format":false,"excerpt":"Nordeco Interiors \u2013 sp\u00e9cialiste de la d\u00e9coration scandinave. Offrez un coaching d\u00e9co personnalis\u00e9 : rangement, am\u00e9nagement ou optimisation d'espace. Bon cadeau livr\u00e9 par email, valable sur toutes nos prestations.","rel":"","context":"Samankaltainen artikkeli","block_context":{"text":"Samankaltainen artikkeli","link":""},"img":{"alt_text":"carte cadeau avec n\u0153ud argent\u00e9 sur fond vert sauge","src":"https:\/\/i0.wp.com\/nordeco-interiors.fr\/wp-content\/uploads\/2026\/04\/Carte-cadeau-Nordeco-Interiors.webp?fit=1200%2C851&ssl=1&resize=350%2C200","width":350,"height":200,"srcset":"https:\/\/i0.wp.com\/nordeco-interiors.fr\/wp-content\/uploads\/2026\/04\/Carte-cadeau-Nordeco-Interiors.webp?fit=1200%2C851&ssl=1&resize=350%2C200 1x, https:\/\/i0.wp.com\/nordeco-interiors.fr\/wp-content\/uploads\/2026\/04\/Carte-cadeau-Nordeco-Interiors.webp?fit=1200%2C851&ssl=1&resize=525%2C300 1.5x, https:\/\/i0.wp.com\/nordeco-interiors.fr\/wp-content\/uploads\/2026\/04\/Carte-cadeau-Nordeco-Interiors.webp?fit=1200%2C851&ssl=1&resize=700%2C400 2x, https:\/\/i0.wp.com\/nordeco-interiors.fr\/wp-content\/uploads\/2026\/04\/Carte-cadeau-Nordeco-Interiors.webp?fit=1200%2C851&ssl=1&resize=1050%2C600 3x"},"classes":[]}],"_links":{"self":[{"href":"https:\/\/nordeco-interiors.fr\/fi\/wp-json\/wp\/v2\/product\/422","targetHints":{"allow":["GET"]}}],"collection":[{"href":"https:\/\/nordeco-interiors.fr\/fi\/wp-json\/wp\/v2\/product"}],"about":[{"href":"https:\/\/nordeco-interiors.fr\/fi\/wp-json\/wp\/v2\/types\/product"}],"replies":[{"embeddable":true,"href":"https:\/\/nordeco-interiors.fr\/fi\/wp-json\/wp\/v2\/comments?post=422"}],"wp:featuredmedia":[{"embeddable":true,"href":"https:\/\/nordeco-interiors.fr\/fi\/wp-json\/wp\/v2\/media\/520"}],"wp:attachment":[{"href":"https:\/\/nordeco-interiors.fr\/fi\/wp-json\/wp\/v2\/media?parent=422"}],"wp:term":[{"taxonomy":"product_brand","embeddable":true,"href":"https:\/\/nordeco-interiors.fr\/fi\/wp-json\/wp\/v2\/product_brand?post=422"},{"taxonomy":"product_cat","embeddable":true,"href":"https:\/\/nordeco-interiors.fr\/fi\/wp-json\/wp\/v2\/product_cat?post=422"},{"taxonomy":"product_tag","embeddable":true,"href":"https:\/\/nordeco-interiors.fr\/fi\/wp-json\/wp\/v2\/product_tag?post=422"}],"curies":[{"name":"wp","href":"https:\/\/api.w.org\/{rel}","templated":true}]}}