{"id":433,"date":"2026-04-20T08:30:19","date_gmt":"2026-04-20T06:30:19","guid":{"rendered":"https:\/\/nordeco-interiors.fr\/?post_type=product&#038;p=433"},"modified":"2026-04-20T08:30:19","modified_gmt":"2026-04-20T06:30:19","slug":"home-staging","status":"publish","type":"product","link":"https:\/\/nordeco-interiors.fr\/fi\/product\/home-staging\/","title":{"rendered":"Home staging \u2013 Valorisez votre bien immobilier"},"content":{"rendered":"<p>250 \u20ac \/ 90min (logements jusqu&rsquo;\u00e0 80 m\u00b2) + frais de d\u00e9placement (0,50 \u20ac\/km)<br \/>\nHeures suppl\u00e9mentaires : 65 \u20ac\/h<\/p>\n<p>Pour que la vente de votre bien immobilier soit la plus r\u00e9ussie possible, je vous aide \u00e0 mettre en valeur votre int\u00e9rieur sans travaux ni d\u00e9penses inutiles. Ce service optimise l&rsquo;espace et cr\u00e9e une atmosph\u00e8re neutre et accueillante pour s\u00e9duire les acheteurs, en utilisant le mobilier et objets existants et en apportant des ajustements cibl\u00e9s.<\/p>\n<p>\u2705 LE SERVICE COMPREND<\/p>\n<p>&#8211; Solutions pour clarifier et optimiser l&rsquo;espace<br \/>\n&#8211; Cr\u00e9ation d&rsquo;une ambiance neutre, chaleureuse et attrayante<br \/>\n&#8211; Conseils concrets, faciles \u00e0 mettre en \u0153uvre et adapt\u00e9s \u00e0 votre budget<\/p>\n<p>\ud83d\udccd Service disponible dans le Finist\u00e8re Nord<\/p>\n<p>\ud83d\udcc5 R\u00c9SERVATION<br \/>\n<iframe src=\"https:\/\/nordeco-interiors.fr\/fi\/wp-json\/ssa\/v1\/embed-inner?integration&type=visite-conseil-a-domicile&label&types=1&edit&view&payment_provider&ssa_locale=fi&ssa_is_rtl&sid=f0a8880094e10cdf9c27aa0693b3d1a3d024e449&availability_start_date&availability_end_date&suggest_first_available&suggest_first_available_within_minutes&flow&fallback_flow&time_view&date_view&appointment_types_view&version&accent_color&background&padding&font&booking_url=https%3A%2F%2Fnordeco-interiors.fr%2Ffi%2Fproduct%2Fhome-staging%2F&booking_post_id=433&booking_title=Home+staging+%E2%80%93+Valorisez+votre+bien+immobilier&_wpnonce=88fe14e11c&redirect_post_id&defer&mepr_membership_id#\/\" height=\"400px\" width=\"100%\" name=\"ssa_booking\" loading=\"eager\" frameborder=\"0\" data-skip-lazy=\"1\" class=\"ssa_booking_iframe skip-lazy\" title=\"Book a time\"><\/iframe><\/p>\n<p>\ud83d\udcde Contact en Fran\u00e7ais \u2022 English \u2022 Finnish<\/p>","protected":false},"excerpt":{"rendered":"<p>Nordeco Interiors \u2013 sp\u00e9cialiste de la d\u00e9coration scandinave en Finist\u00e8re. Mise en valeur de votre bien immobilier sans travaux : un int\u00e9rieur neutre, chaleureux et accessible pour s\u00e9duire les acheteurs. R\u00e9servez votre cr\u00e9neau directement en ligne.<\/p>","protected":false},"featured_media":462,"comment_status":"closed","ping_status":"closed","template":"","meta":{"_crdt_document":"","jetpack_publicize_message":"","jetpack_publicize_feature_enabled":true,"jetpack_social_post_already_shared":true,"jetpack_social_options":{"image_generator_settings":{"template":"highway","default_image_id":0,"font":"","enabled":false},"version":2}},"product_brand":[],"product_cat":[1426],"product_tag":[],"class_list":{"0":"post-433","1":"product","2":"type-product","3":"status-publish","4":"has-post-thumbnail","6":"product_cat-boutique","8":"first","9":"instock","10":"virtual","11":"purchasable","12":"product-type-simple"},"jetpack_publicize_connections":[],"jetpack_likes_enabled":true,"jetpack_sharing_enabled":true,"jetpack-related-posts":[{"id":432,"url":"https:\/\/nordeco-interiors.fr\/fi\/product\/coaching-rangement-optimisation-despace\/","url_meta":{"origin":433,"position":0},"title":"Coaching rangement &#038; optimisation d&rsquo;espace","author":"Tiina","date":"20\/04\/2026","format":false,"excerpt":"Nordeco Interiors \u2013 sp\u00e9cialiste de la d\u00e9coration scandinave en Finist\u00e8re. Coaching personnalis\u00e9 \u00e0 domicile pour d\u00e9sencombrer, optimiser et retrouver un int\u00e9rieur clair, pratique et agr\u00e9able. R\u00e9servez votre cr\u00e9neau directement en ligne.","rel":"","context":"Samankaltainen artikkeli","block_context":{"text":"Samankaltainen artikkeli","link":""},"img":{"alt_text":"espace organis\u00e9 avec bo\u00eetes et paniers de rangement, deux personnes discutant","src":"https:\/\/i0.wp.com\/nordeco-interiors.fr\/wp-content\/uploads\/2026\/04\/Seance-de-coaching-rangement-nordeco-interiors.webp?fit=1024%2C1024&ssl=1&resize=350%2C200","width":350,"height":200,"srcset":"https:\/\/i0.wp.com\/nordeco-interiors.fr\/wp-content\/uploads\/2026\/04\/Seance-de-coaching-rangement-nordeco-interiors.webp?fit=1024%2C1024&ssl=1&resize=350%2C200 1x, https:\/\/i0.wp.com\/nordeco-interiors.fr\/wp-content\/uploads\/2026\/04\/Seance-de-coaching-rangement-nordeco-interiors.webp?fit=1024%2C1024&ssl=1&resize=525%2C300 1.5x, https:\/\/i0.wp.com\/nordeco-interiors.fr\/wp-content\/uploads\/2026\/04\/Seance-de-coaching-rangement-nordeco-interiors.webp?fit=1024%2C1024&ssl=1&resize=700%2C400 2x"},"classes":[]},{"id":434,"url":"https:\/\/nordeco-interiors.fr\/fi\/product\/carte-cadeau\/","url_meta":{"origin":433,"position":1},"title":"Offrez un cadeau qui fait la diff\u00e9rence \u2013 Carte cadeau D\u00e9co","author":"Tiina","date":"18\/04\/2026","format":false,"excerpt":"Nordeco Interiors \u2013 sp\u00e9cialiste de la d\u00e9coration scandinave. Offrez un coaching d\u00e9co personnalis\u00e9 : rangement, am\u00e9nagement ou optimisation d'espace. Bon cadeau livr\u00e9 par email, valable sur toutes nos prestations.","rel":"","context":"Samankaltainen artikkeli","block_context":{"text":"Samankaltainen artikkeli","link":""},"img":{"alt_text":"carte cadeau avec n\u0153ud argent\u00e9 sur fond vert sauge","src":"https:\/\/i0.wp.com\/nordeco-interiors.fr\/wp-content\/uploads\/2026\/04\/Carte-cadeau-Nordeco-Interiors.webp?fit=1200%2C851&ssl=1&resize=350%2C200","width":350,"height":200,"srcset":"https:\/\/i0.wp.com\/nordeco-interiors.fr\/wp-content\/uploads\/2026\/04\/Carte-cadeau-Nordeco-Interiors.webp?fit=1200%2C851&ssl=1&resize=350%2C200 1x, https:\/\/i0.wp.com\/nordeco-interiors.fr\/wp-content\/uploads\/2026\/04\/Carte-cadeau-Nordeco-Interiors.webp?fit=1200%2C851&ssl=1&resize=525%2C300 1.5x, https:\/\/i0.wp.com\/nordeco-interiors.fr\/wp-content\/uploads\/2026\/04\/Carte-cadeau-Nordeco-Interiors.webp?fit=1200%2C851&ssl=1&resize=700%2C400 2x, https:\/\/i0.wp.com\/nordeco-interiors.fr\/wp-content\/uploads\/2026\/04\/Carte-cadeau-Nordeco-Interiors.webp?fit=1200%2C851&ssl=1&resize=1050%2C600 3x"},"classes":[]},{"id":422,"url":"https:\/\/nordeco-interiors.fr\/fi\/product\/mieux-chez-soi-conseils-pour-un-quotidien-facilite\/","url_meta":{"origin":433,"position":2},"title":"Mieux chez soi \u2013 conseils pour un quotidien facilit\u00e9","author":"Tiina","date":"17\/04\/2026","format":false,"excerpt":"Nordeco Interiors \u2013 sp\u00e9cialiste de la d\u00e9coration scandinave \u00e0 Finist\u00e8re. Consultation personnalis\u00e9e \u00e0 domicile : diagnostic, plan 2D et conseils sur mesure \u2014 pour un int\u00e9rieur confortable, accessible et esth\u00e9tique. R\u00e9servez votre cr\u00e9neau directement en ligne.","rel":"","context":"Samankaltainen artikkeli","block_context":{"text":"Samankaltainen artikkeli","link":""},"img":{"alt_text":"salon scandinave \u00e9pur\u00e9 avec mobilier en bois clair et ambiance naturelle","src":"https:\/\/i0.wp.com\/nordeco-interiors.fr\/wp-content\/uploads\/2026\/04\/Salon-scandinave-accessible-et-naturel-amenagement-slow-design-Nordeco-Interiors.webp?fit=1024%2C1024&ssl=1&resize=350%2C200","width":350,"height":200,"srcset":"https:\/\/i0.wp.com\/nordeco-interiors.fr\/wp-content\/uploads\/2026\/04\/Salon-scandinave-accessible-et-naturel-amenagement-slow-design-Nordeco-Interiors.webp?fit=1024%2C1024&ssl=1&resize=350%2C200 1x, https:\/\/i0.wp.com\/nordeco-interiors.fr\/wp-content\/uploads\/2026\/04\/Salon-scandinave-accessible-et-naturel-amenagement-slow-design-Nordeco-Interiors.webp?fit=1024%2C1024&ssl=1&resize=525%2C300 1.5x, https:\/\/i0.wp.com\/nordeco-interiors.fr\/wp-content\/uploads\/2026\/04\/Salon-scandinave-accessible-et-naturel-amenagement-slow-design-Nordeco-Interiors.webp?fit=1024%2C1024&ssl=1&resize=700%2C400 2x"},"classes":[]}],"_links":{"self":[{"href":"https:\/\/nordeco-interiors.fr\/fi\/wp-json\/wp\/v2\/product\/433","targetHints":{"allow":["GET"]}}],"collection":[{"href":"https:\/\/nordeco-interiors.fr\/fi\/wp-json\/wp\/v2\/product"}],"about":[{"href":"https:\/\/nordeco-interiors.fr\/fi\/wp-json\/wp\/v2\/types\/product"}],"replies":[{"embeddable":true,"href":"https:\/\/nordeco-interiors.fr\/fi\/wp-json\/wp\/v2\/comments?post=433"}],"wp:featuredmedia":[{"embeddable":true,"href":"https:\/\/nordeco-interiors.fr\/fi\/wp-json\/wp\/v2\/media\/462"}],"wp:attachment":[{"href":"https:\/\/nordeco-interiors.fr\/fi\/wp-json\/wp\/v2\/media?parent=433"}],"wp:term":[{"taxonomy":"product_brand","embeddable":true,"href":"https:\/\/nordeco-interiors.fr\/fi\/wp-json\/wp\/v2\/product_brand?post=433"},{"taxonomy":"product_cat","embeddable":true,"href":"https:\/\/nordeco-interiors.fr\/fi\/wp-json\/wp\/v2\/product_cat?post=433"},{"taxonomy":"product_tag","embeddable":true,"href":"https:\/\/nordeco-interiors.fr\/fi\/wp-json\/wp\/v2\/product_tag?post=433"}],"curies":[{"name":"wp","href":"https:\/\/api.w.org\/{rel}","templated":true}]}}